{"id":3,"date":"2020-09-01T17:58:17","date_gmt":"2020-09-01T15:58:17","guid":{"rendered":"http:\/\/protectcover.be\/?page_id=3"},"modified":"2020-10-08T15:18:02","modified_gmt":"2020-10-08T13:18:02","slug":"mentions-legales","status":"publish","type":"page","link":"https:\/\/protectcover.be\/index.php\/mentions-legales\/","title":{"rendered":"Mentions l\u00e9gales"},"content":{"rendered":"<h4>1. Informations l\u00e9gales<\/h4>\n<p>D\u00e9nomination :<\/p>\n<p><span style=\"font-size: medium;\">SRL Mazzeo-Lefebvre<\/span><br \/>\nLe propri\u00e9taire du site www.protectcover.be est : Angelo Mazzeo<br \/>\nAdresse postale du propri\u00e9taire : Rue Sainte-Brigitte 94 &#8211; 7971 Thumaide (Beloeil)<br \/>\nNum\u00e9ro d&#8217;entreprise : <span style=\"font-size: medium;\">0754738786<\/span><br \/>\nLe cr\u00e9ateur du site est : SRL Mazzeo-Lefebvre<br \/>\nContacter le responsable du site : contact@protectcover.be<br \/>\nLe responsable est une personne physique<br \/>\nL\u2019h\u00e9bergeur du site est : OVH<\/p>\n<h4>2. Pr\u00e9sentation et principe<\/h4>\n<p>Est d\u00e9sign\u00e9 ci-apr\u00e8s : Utilisateur, tout internaute se connectant et utilisant le site susnomm\u00e9 : www.protectcover.be<br \/>\nLe site www.protectcover.be regroupe un ensemble de services, dans l\u2019\u00e9tat, mis \u00e0 la disposition des utilisateurs. Il est ici pr\u00e9cis\u00e9 que ces derniers doivent rester courtois et faire preuve de bonne foi tant envers les autres utilisateurs qu\u2019envers le webmaster du site www.protectcover.be. Le site www.protectcover.be est mis \u00e0 jour r\u00e9guli\u00e8rement.<br \/>\nwww.protectcover.be\u00a0s\u2019efforce de fournir des informations les plus pr\u00e9cises possibles (sous r\u00e9serve de modifications apport\u00e9es depuis leur mise en ligne), mais ne saurait garantir l\u2019exactitude, la compl\u00e9tude et l\u2019actualit\u00e9 des informations diffus\u00e9es sur son site, qu\u2019elles soient de son fait ou du fait des tiers partenaires qui lui fournissent ces informations. En cons\u00e9quence, l\u2019utilisateur reconna\u00eet utiliser ces informations donn\u00e9es (\u00e0 titre indicatif, non exhaustives et susceptibles d\u2019\u00e9voluer) sous sa responsabilit\u00e9 exclusive.<\/p>\n<h4>3. Accessibilit\u00e9<\/h4>\n<p>Le site www.protectcover.be est par principe accessible aux utilisateurs 24\/24h, 7\/7j, sauf interruption, programm\u00e9e ou non, pour les besoins de sa maintenance ou en cas de force majeure.<br \/>\nEn cas d\u2019impossibilit\u00e9 d\u2019acc\u00e8s au service, le propri\u00e9taire s\u2019engage \u00e0 faire son maximum afin de r\u00e9tablir l\u2019acc\u00e8s au service et s\u2019efforcera alors de communiquer pr\u00e9alablement aux utilisateurs les dates et heures de l\u2019intervention. N\u2019\u00e9tant soumis qu\u2019\u00e0 une obligation de moyen, le propri\u00e9taire ne saurait \u00eatre tenu pour responsable de tout dommage, quelle qu\u2019en soit la nature, r\u00e9sultant d\u2019une indisponibilit\u00e9 du service.<\/p>\n<h4>4. Propri\u00e9t\u00e9 intellectuelle<\/h4>\n<p>SRL Mazzeo-Lefebvre est propri\u00e9taire exclusif de tous les droits de propri\u00e9t\u00e9 intellectuelle ou d\u00e9tient les droits d\u2019usage sur tous les \u00e9l\u00e9ments accessibles sur le site, tant sur la structure que sur les textes, images, graphismes, logo, ic\u00f4nes, sons, logiciels, etc.<br \/>\nToute reproduction totale ou partielle du site www.protectcover.be, repr\u00e9sentation, modification, publication, adaptation totale ou partielle de l\u2019un quelconque de ces \u00e9l\u00e9ments, quel que soit le moyen ou le proc\u00e9d\u00e9 utilis\u00e9, est interdite, sauf autorisation \u00e9crite pr\u00e9alable du propri\u00e9taire, \u00e0 d\u00e9faut elle sera consid\u00e9r\u00e9e comme constitutive d\u2019une contrefa\u00e7on et passible de poursuite.<\/p>\n<h4>5. Liens hypertextes<\/h4>\n<p>Le site www.protectcover.be contient un certain nombre de liens hypertextes vers d\u2019autres sites (partenaires, informations \u2026). Cependant, SRL Mazzeo-Lefebvre n\u2019a pas la possibilit\u00e9 de v\u00e9rifier l\u2019ensemble du contenu des sites ainsi visit\u00e9s et d\u00e9cline donc toute responsabilit\u00e9 de ce fait quant aux risques \u00e9ventuels de contenus illicites.<\/p>\n<h4>6. Cookie<\/h4>\n<p>L\u2019utilisateur est inform\u00e9 que lors de ses visites sur le site www.protectcover.be, un ou des cookies sont susceptibles de s\u2019installer automatiquement sur son ordinateur par l\u2019interm\u00e9diaire de son logiciel de navigation. Un cookie est un bloc de donn\u00e9es qui ne permet pas d\u2019identifier l\u2019utilisateur, mais qui enregistre des informations relatives \u00e0 la navigation de celui-ci sur le site.<br \/>\nL\u2019utilisation de cookies permet d\u2019am\u00e9liorer l\u2019exp\u00e9rience de l\u2019utilisateur sur le site. Le param\u00e9trage du logiciel de navigation permet d\u2019informer de la pr\u00e9sence de cookie et \u00e9ventuellement, de la refuser. L\u2019utilisateur peut toutefois configurer le navigateur de son ordinateur pour refuser l\u2019installation des cookies, sachant que le refus d\u2019installation d\u2019un cookie peut entra\u00eener l\u2019impossibilit\u00e9 d\u2019acc\u00e9der \u00e0 certains services.<\/p>\n<p>Vous pouvez d\u00e9sactiver les cookies de la fa\u00e7on suivante :<br \/>\n<em>Internet Explorer<\/em><br \/>\n1. Choisissez le menu \u00ab Outils \u00bb, puis \u00ab Options Internet \u00bb<br \/>\n2. Cliquez sur l\u2019onglet \u00ab Confidentialit\u00e9 \u00bb<br \/>\n3. S\u00e9lectionnez le niveau souhait\u00e9 \u00e0 l\u2019aide du curseur<br \/>\n<em>Mozilla Firefox<\/em><br \/>\n1. Choisissez le menu \u00ab Outils \u00bb puis \u00ab Options \u00bb<br \/>\n2. Cliquez sur l\u2019onglet \u00ab Vie priv\u00e9e \u00bb<br \/>\n3. Dans la liste d\u00e9roulante \u00ab R\u00e8gles de conservation \u00bb s\u00e9lectionnez le niveau souhait\u00e9<br \/>\n<em>Google Chrome<\/em><br \/>\n1. Cliquez sur l\u2019ic\u00f4ne permettant d\u2019afficher le menu des param\u00e8tres<br \/>\n2. Cliquez sur \u00ab Options \u00bb<br \/>\n3. Dans la zone \u201cHistorique\u201d, s\u00e9lectionnez \u201cutiliser les param\u00e8tres personnalis\u00e9s pour l\u2019historique\u201d<br \/>\n4. Choisissez le niveau souhait\u00e9<br \/>\n<em>Safari<\/em><br \/>\n1. Cliquez dans le menu \u00ab Safari \u00bb<br \/>\n2. Cliquez sur \u00ab Pr\u00e9f\u00e9rences \u00bb<br \/>\n3. Dans l\u2019onglet \u00ab S\u00e9curit\u00e9 \u00bb s\u00e9lectionnez le niveau souhait\u00e9<\/p>\n<h4>7. Protection des biens et des personnes \u2013 Gestion des donn\u00e9es personnelles<\/h4>\n<p>SRL Mazzeo-Lefebvre respecte les principes de la protection des donn\u00e9es que tout \u00e9tat membre de l\u2019Union europ\u00e9enne se doit de respecter \u00e0 partir du 25 mai 2018 (R\u00e8glement G\u00e9n\u00e9ral de Protection des Donn\u00e9es \u2013 RGPD).<br \/>\nProtect Cover est donc responsable de l\u2019int\u00e9gralit\u00e9 des principes se trouvant au sein de ce r\u00e8glement europ\u00e9en. En outre, tout internaute a le droit de consulter ses donn\u00e9es \u00e0 tout moment, de les modifier voire de les supprimer s\u2019il le souhaite. Sur le site www.protectcover.be, Protect Cover ne collecte des informations personnelles relatives \u00e0 l\u2019utilisateur que pour le besoin de certains services propos\u00e9s par le site www.protectcover.be. L\u2019utilisateur fournit ces informations en toute connaissance de cause, notamment lorsqu\u2019il proc\u00e8de par lui-m\u00eame \u00e0 leur saisie. Il est alors pr\u00e9cis\u00e9 \u00e0 l\u2019utilisateur du site www.protectcover.be l\u2019obligation ou non de fournir ces informations.<br \/>\nConcernant toutes les donn\u00e9es collect\u00e9es par Protect Cover, celles-ci ne seront utilis\u00e9es que dans le cadre de son activit\u00e9 et ne seront pas divulgu\u00e9es \u00e0 des tiers. SRL Mazzeo-Lefebvre r\u00e9colte des donn\u00e9es \u00e0 la suite d\u2019un formulaire de contact, avec les cookies ou via Google Analytics (6.1).<br \/>\nTout utilisateur dispose d\u2019un droit d\u2019acc\u00e8s, de rectification, de suppression et d\u2019opposition aux donn\u00e9es personnelles le concernant. Pour l\u2019exercer, adressez votre demande \u00e0 Protect Cover par email : www.protectcover.be ou par \u00e9crit d\u00fbment sign\u00e9 \u00e0 l\u2019adresse suivante : Rue Sainte-Brigitte 94 &#8211; 7971 Thumaide (Beloeil), accompagn\u00e9 d\u2019une copie du titre d\u2019identit\u00e9 avec signature du titulaire de la pi\u00e8ce, en pr\u00e9cisant l\u2019adresse \u00e0 laquelle la r\u00e9ponse doit \u00eatre envoy\u00e9e.<br \/>\nAucune information personnelle de l\u2019utilisateur du site www.protectcover.be n\u2019est publi\u00e9e \u00e0 l\u2019insu de l\u2019utilisateur, \u00e9chang\u00e9e, transf\u00e9r\u00e9e, c\u00e9d\u00e9e ou vendue sur un support quelconque \u00e0 des tiers.<br \/>\nProtect Cover ne partagera donc aucune donn\u00e9e personnelle sans le consentement de son propri\u00e9taire. Seule l\u2019hypoth\u00e8se du rachat du site www.protectcover.be et de ses droits autorise SRL Mazzeo-Lefebvre \u00e0 transmettre les dites informations \u00e0 l\u2019\u00e9ventuel acqu\u00e9reur qui serait \u00e0 son tour tenu \u00e0 la m\u00eame obligation de conservation et de modification des donn\u00e9es vis \u00e0 vis de l\u2019utilisateur du site www.protectcover.be.<\/p>\n<h4>7.1 R\u00e9capitulatif des cookies utilis\u00e9s<\/h4>\n<p>C\u2019est gr\u00e2ce aux cookies que nous pouvons vous offrir une navigation optimale sur notre site. En visitant notre site, vous acceptez de recevoir des cookies de notre serveur.<br \/>\nVeuillez trouver un r\u00e9capitulatif des diff\u00e9rents types de cookies envoy\u00e9s par notre serveur :<br \/>\nLes cookies techniquement n\u00e9cessaires : nous utilisons des cookies dits \u00ab d\u2019origine \u00bb (les \u00ab first party cookies \u00bb) afin de vous offrir une exp\u00e9rience des plus optimales. Ces cookies sont indispensables au bon fonctionnement du site et ne peuvent \u00eatre bloqu\u00e9s sans r\u00e9percussions dans l\u2019utilisation de www.protectcover.be\/<br \/>\nR\u00e9capitulatif des cookies techniquement n\u00e9cessaires ou des cookies d\u2019origine :<\/p>\n<p>Cookie Techique OVH : SERVERID102297<\/p>\n<p>Cookies Youtube : YSC, yt-remote-cast-installed, yt-remote-connected-devices, yt-remote-device-id, yt-remote-fast-check-period, yt-remote-session-app, yt-remote-session-name, VISITOR_INFO1_LIVE<\/p>\n<p>Cookies Google : test_cookie, PREF, IDE, GPS<\/p>\n<p>Cookies Woocommerce : wc_cart_hash_#, wc_fragments_#<\/p>\n<p>Cookie statistique : tk_ai<\/p>\n<h4>8. Droit applicable et juridiction comp\u00e9tente :<\/h4>\n<p>www.protectcover.be est un site web soumis \u00e0 la loi belge et, en cas de litige, les cours et tribunaux belges sont comp\u00e9tents.<\/p>\n","protected":false},"excerpt":{"rendered":"<p>1. Informations l\u00e9gales D\u00e9nomination : SRL Mazzeo-Lefebvre Le propri\u00e9taire du site www.protectcover.be est : Angelo Mazzeo Adresse postale du propri\u00e9taire : Rue Sainte-Brigitte 94 &#8211; 7971 Thumaide (Beloeil) Num\u00e9ro d&#8217;entreprise : 0754738786 Le cr\u00e9ateur du site est : SRL Mazzeo-Lefebvre Contacter le responsable du site : contact@protectcover.be Le responsable est une personne physique L\u2019h\u00e9bergeur du [&hellip;]<\/p>\n","protected":false},"author":1,"featured_media":0,"parent":0,"menu_order":0,"comment_status":"closed","ping_status":"open","template":"","meta":[],"acf":[],"_links":{"self":[{"href":"https:\/\/protectcover.be\/index.php\/wp-json\/wp\/v2\/pages\/3"}],"collection":[{"href":"https:\/\/protectcover.be\/index.php\/wp-json\/wp\/v2\/pages"}],"about":[{"href":"https:\/\/protectcover.be\/index.php\/wp-json\/wp\/v2\/types\/page"}],"author":[{"embeddable":true,"href":"https:\/\/protectcover.be\/index.php\/wp-json\/wp\/v2\/users\/1"}],"replies":[{"embeddable":true,"href":"https:\/\/protectcover.be\/index.php\/wp-json\/wp\/v2\/comments?post=3"}],"version-history":[{"count":5,"href":"https:\/\/protectcover.be\/index.php\/wp-json\/wp\/v2\/pages\/3\/revisions"}],"predecessor-version":[{"id":4131,"href":"https:\/\/protectcover.be\/index.php\/wp-json\/wp\/v2\/pages\/3\/revisions\/4131"}],"wp:attachment":[{"href":"https:\/\/protectcover.be\/index.php\/wp-json\/wp\/v2\/media?parent=3"}],"curies":[{"name":"wp","href":"https:\/\/api.w.org\/{rel}","templated":true}]}}