{"id":3583,"date":"2020-09-08T16:23:53","date_gmt":"2020-09-08T14:23:53","guid":{"rendered":"http:\/\/protectcover.be\/?page_id=3583"},"modified":"2022-09-13T13:57:35","modified_gmt":"2022-09-13T11:57:35","slug":"paint-protection","status":"publish","type":"page","link":"https:\/\/protectcover.be\/index.php\/paint-protection\/","title":{"rendered":"Paint Protection"},"content":{"rendered":"<p>[vc_row][vc_column][vc_column_text uniqid=&#8221;5f5793bbaee56&#8243;]Le maintien du bon \u00e9tat de votre carrosserie vous pr\u00e9occupe ? Le PPF (ou Paint Protection Film) est la recette miracle pour prot\u00e9ger votre v\u00e9hicule tout en gardant votre couleur d&#8217;origine et lui apporter une brillance ultime. En effet, ce film transparent et presque invisible (\u00e9paisseur de\u00a0150 microns) saura prot\u00e9ger votre voiture contre les al\u00e9as du quotidien (gravillons, fientes d&#8217;oiseaux, l\u00e9gers impacts ou autres frottements) mais \u00e9galement contre les d\u00e9gradations (coups de cl\u00e9s). Le PPF est pos\u00e9 sur des endroits strat\u00e9giques (capot, ailes, bas de caisse, r\u00e9troviseurs ou encore le pare-chocs avant). L&#8217;enti\u00e8ret\u00e9 du v\u00e9hicule peut \u00e9galement \u00eatre recouverte.<br \/>\nDisponible en matt ou brillant, toutes les surfaces de votre v\u00e9hicule pourront ainsi \u00eatre prot\u00e9g\u00e9es sans que vous ne voyez de diff\u00e9rences de finitions entre les \u00e9l\u00e9ments.[\/vc_column_text]\t\t\t\t\t\t\t<div class=\"portfolio-block filter-block portfolio-5f5793c49a7d7 popup-gallery gap-on portfolio-type-packery type1\">\n\t\t\t\t\t\n\t\t\t\t\t<div class=\"load-wrap row isotope\">\n\t\t\t\t\t\t<div class=\"grid-sizer col-1\"><\/div>\n\t\t\t\t\t\t\t\t<article class=\"portfolio-item category-4 popup-item col-12 col-sm-6 col-md-4 istp-item\">\n\t\t\t<div class=\"wrap\">\n\t\t\t\t\t\t\t\t\t<div class=\"img\">\n\t\t\t\t\t\t<div class=\"hover-plus\">\n\t\t\t\t\t\t\t \n\t\t\t\t\t\t<\/div>\n\t\t\t\t\t\t<div class=\"img-b\" style=\"background-image: url(https:\/\/protectcover.be\/wp-content\/uploads\/2022\/09\/WhatsApp-Image-2022-08-16-at-10.32.57-1024x1024.jpeg)\"><\/div>\n\t\t\t\t\t\t<a href=\"https:\/\/protectcover.be\/wp-content\/uploads\/2022\/09\/WhatsApp-Image-2022-08-16-at-10.32.57.jpeg\" class=\"link\" data-size=\"2048x2048\" data-magic-cursor=\"link-w-text\" data-magic-cursor-text=\"Voir\" data-id=\"1\"><\/a>\t\t\t\t\t<\/div>\n\t\t\t\t\t\t\t\t<div class=\"content\">\n\t\t\t\t\t<h6 class=\"title\">Porsche 992<\/h6>\n\t\t\t\t\t\t\t\t\t\t\t<a href=\"https:\/\/protectcover.be\/index.php\/project\/porsche-992\/\" class=\"button-style2 permalink extra-small\">\n\t\t\t\t\t\t\t<span>Voir le projet<\/span>\n\t\t\t\t\t\t<\/a>\n\t\t\t\t\t\t\t\t\t<\/div>\n\t\t\t<\/div>\n\t\t<\/article>\n\t\t\t\t<article class=\"portfolio-item category-16 category-4 popup-item col-12 col-sm-6 col-md-4 istp-item\">\n\t\t\t<div class=\"wrap\">\n\t\t\t\t\t\t\t\t\t<div class=\"img\">\n\t\t\t\t\t\t<div class=\"hover-plus\">\n\t\t\t\t\t\t\t \n\t\t\t\t\t\t<\/div>\n\t\t\t\t\t\t<div class=\"img-b\" style=\"background-image: url(https:\/\/protectcover.be\/wp-content\/uploads\/2022\/07\/IMG_9397-1024x1024.jpeg)\"><\/div>\n\t\t\t\t\t\t<a href=\"https:\/\/protectcover.be\/wp-content\/uploads\/2022\/07\/IMG_9397-scaled.jpeg\" class=\"link\" data-size=\"2560x2560\" data-magic-cursor=\"link-w-text\" data-magic-cursor-text=\"Voir\" data-id=\"2\"><\/a>\t\t\t\t\t<\/div>\n\t\t\t\t\t\t\t\t<div class=\"content\">\n\t\t\t\t\t<h6 class=\"title\">Lamborghini Huracan STO<\/h6>\n\t\t\t\t\t\t\t\t\t\t\t<a href=\"https:\/\/protectcover.be\/index.php\/project\/lamborghini-huracan-sto\/\" class=\"button-style2 permalink extra-small\">\n\t\t\t\t\t\t\t<span>Voir le projet<\/span>\n\t\t\t\t\t\t<\/a>\n\t\t\t\t\t\t\t\t\t<\/div>\n\t\t\t<\/div>\n\t\t<\/article>\n\t\t\t\t<article class=\"portfolio-item category-9 category-4 popup-item col-12 col-sm-6 col-md-4 istp-item\">\n\t\t\t<div class=\"wrap\">\n\t\t\t\t\t\t\t\t\t<div class=\"img\">\n\t\t\t\t\t\t<div class=\"hover-plus\">\n\t\t\t\t\t\t\t \n\t\t\t\t\t\t<\/div>\n\t\t\t\t\t\t<div class=\"img-b\" style=\"background-image: url(https:\/\/protectcover.be\/wp-content\/uploads\/2022\/06\/IMG_7093-1024x1024.jpeg)\"><\/div>\n\t\t\t\t\t\t<a href=\"https:\/\/protectcover.be\/wp-content\/uploads\/2022\/06\/IMG_7093-scaled.jpeg\" class=\"link\" data-size=\"2560x2560\" data-magic-cursor=\"link-w-text\" data-magic-cursor-text=\"Voir\" data-id=\"3\"><\/a>\t\t\t\t\t<\/div>\n\t\t\t\t\t\t\t\t<div class=\"content\">\n\t\t\t\t\t<h6 class=\"title\">Audi e-tron GT<\/h6>\n\t\t\t\t\t\t\t\t\t\t\t<a href=\"https:\/\/protectcover.be\/index.php\/project\/audi-e-tron-gt\/\" class=\"button-style2 permalink extra-small\">\n\t\t\t\t\t\t\t<span>Voir le projet<\/span>\n\t\t\t\t\t\t<\/a>\n\t\t\t\t\t\t\t\t\t<\/div>\n\t\t\t<\/div>\n\t\t<\/article>\n\t\t\t\t<article class=\"portfolio-item category-13 category-4 popup-item col-12 col-sm-6 col-md-4 istp-item\">\n\t\t\t<div class=\"wrap\">\n\t\t\t\t\t\t\t\t\t<div class=\"img\">\n\t\t\t\t\t\t<div class=\"hover-plus\">\n\t\t\t\t\t\t\t \n\t\t\t\t\t\t<\/div>\n\t\t\t\t\t\t<div class=\"img-b\" style=\"background-image: url(https:\/\/protectcover.be\/wp-content\/uploads\/2022\/06\/IMG_6359-576x1024.jpeg)\"><\/div>\n\t\t\t\t\t\t<a href=\"https:\/\/protectcover.be\/wp-content\/uploads\/2022\/06\/IMG_6359-scaled.jpeg\" class=\"link\" data-size=\"1440x2560\" data-magic-cursor=\"link-w-text\" data-magic-cursor-text=\"Voir\" data-id=\"4\"><\/a>\t\t\t\t\t<\/div>\n\t\t\t\t\t\t\t\t<div class=\"content\">\n\t\t\t\t\t<h6 class=\"title\">Ferrari 812 GTS<\/h6>\n\t\t\t\t\t\t\t\t\t\t\t<a href=\"https:\/\/protectcover.be\/index.php\/project\/ferrari-812-gts\/\" class=\"button-style2 permalink extra-small\">\n\t\t\t\t\t\t\t<span>Voir le projet<\/span>\n\t\t\t\t\t\t<\/a>\n\t\t\t\t\t\t\t\t\t<\/div>\n\t\t\t<\/div>\n\t\t<\/article>\n\t\t\t\t<article class=\"portfolio-item category-16 category-4 popup-item col-12 col-sm-6 col-md-4 istp-item\">\n\t\t\t<div class=\"wrap\">\n\t\t\t\t\t\t\t\t\t<div class=\"img\">\n\t\t\t\t\t\t<div class=\"hover-plus\">\n\t\t\t\t\t\t\t \n\t\t\t\t\t\t<\/div>\n\t\t\t\t\t\t<div class=\"img-b\" style=\"background-image: url(https:\/\/protectcover.be\/wp-content\/uploads\/2022\/06\/IMG_7941-1024x1024.jpeg)\"><\/div>\n\t\t\t\t\t\t<a href=\"https:\/\/protectcover.be\/wp-content\/uploads\/2022\/06\/IMG_7941-scaled.jpeg\" class=\"link\" data-size=\"2560x2560\" data-magic-cursor=\"link-w-text\" data-magic-cursor-text=\"Voir\" data-id=\"5\"><\/a>\t\t\t\t\t<\/div>\n\t\t\t\t\t\t\t\t<div class=\"content\">\n\t\t\t\t\t<h6 class=\"title\">Lamborghini Aventador<\/h6>\n\t\t\t\t\t\t\t\t\t\t\t<a href=\"https:\/\/protectcover.be\/index.php\/project\/lamborghini-aventador\/\" class=\"button-style2 permalink extra-small\">\n\t\t\t\t\t\t\t<span>Voir le projet<\/span>\n\t\t\t\t\t\t<\/a>\n\t\t\t\t\t\t\t\t\t<\/div>\n\t\t\t<\/div>\n\t\t<\/article>\n\t\t\t\t<article class=\"portfolio-item category-6 category-4 category-18 popup-item col-12 col-sm-6 col-md-4 istp-item\">\n\t\t\t<div class=\"wrap\">\n\t\t\t\t\t\t\t\t\t<div class=\"img\">\n\t\t\t\t\t\t<div class=\"hover-plus\">\n\t\t\t\t\t\t\t \n\t\t\t\t\t\t<\/div>\n\t\t\t\t\t\t<div class=\"img-b\" style=\"background-image: url(https:\/\/protectcover.be\/wp-content\/uploads\/2021\/01\/Porsche-reparation-1024x626.jpg)\"><\/div>\n\t\t\t\t\t\t<a href=\"https:\/\/protectcover.be\/wp-content\/uploads\/2021\/01\/Porsche-reparation.jpg\" class=\"link\" data-size=\"1636x1000\" data-magic-cursor=\"link-w-text\" data-magic-cursor-text=\"Voir\" data-id=\"6\"><\/a>\t\t\t\t\t<\/div>\n\t\t\t\t\t\t\t\t<div class=\"content\">\n\t\t\t\t\t<h6 class=\"title\">Porsche<\/h6>\n\t\t\t\t\t\t\t\t\t\t\t<a href=\"https:\/\/protectcover.be\/index.php\/project\/porsche-2\/\" class=\"button-style2 permalink extra-small\">\n\t\t\t\t\t\t\t<span>Voir le projet<\/span>\n\t\t\t\t\t\t<\/a>\n\t\t\t\t\t\t\t\t\t<\/div>\n\t\t\t<\/div>\n\t\t<\/article>\n\t\t\t\t<article class=\"portfolio-item category-11 category-4 popup-item col-12 col-sm-6 col-md-4 istp-item\">\n\t\t\t<div class=\"wrap\">\n\t\t\t\t\t\t\t\t\t<div class=\"img\">\n\t\t\t\t\t\t<div class=\"hover-plus\">\n\t\t\t\t\t\t\t \n\t\t\t\t\t\t<\/div>\n\t\t\t\t\t\t<div class=\"img-b\" style=\"background-image: url(https:\/\/protectcover.be\/wp-content\/uploads\/2020\/11\/BMW-Z4-6-1024x626.jpg)\"><\/div>\n\t\t\t\t\t\t<a href=\"https:\/\/protectcover.be\/wp-content\/uploads\/2020\/11\/BMW-Z4-6.jpg\" class=\"link\" data-size=\"1636x1000\" data-magic-cursor=\"link-w-text\" data-magic-cursor-text=\"Voir\" data-id=\"7\"><\/a>\t\t\t\t\t<\/div>\n\t\t\t\t\t\t\t\t<div class=\"content\">\n\t\t\t\t\t<h6 class=\"title\">BMW Z4<\/h6>\n\t\t\t\t\t\t\t\t\t\t\t<a href=\"https:\/\/protectcover.be\/index.php\/project\/bmw-z4\/\" class=\"button-style2 permalink extra-small\">\n\t\t\t\t\t\t\t<span>Voir le projet<\/span>\n\t\t\t\t\t\t<\/a>\n\t\t\t\t\t\t\t\t\t<\/div>\n\t\t\t<\/div>\n\t\t<\/article>\n\t\t\t\t<article class=\"portfolio-item category-13 category-4 popup-item col-12 col-sm-6 col-md-4 istp-item\">\n\t\t\t<div class=\"wrap\">\n\t\t\t\t\t\t\t\t\t<div class=\"img\">\n\t\t\t\t\t\t<div class=\"hover-plus\">\n\t\t\t\t\t\t\t \n\t\t\t\t\t\t<\/div>\n\t\t\t\t\t\t<div class=\"img-b\" style=\"background-image: url(https:\/\/protectcover.be\/wp-content\/uploads\/2020\/10\/ferrari-hori3-1024x626.jpg)\"><\/div>\n\t\t\t\t\t\t<a href=\"https:\/\/protectcover.be\/wp-content\/uploads\/2020\/10\/ferrari-hori3.jpg\" class=\"link\" data-size=\"2016x1232\" data-magic-cursor=\"link-w-text\" data-magic-cursor-text=\"Voir\" data-id=\"8\"><\/a>\t\t\t\t\t<\/div>\n\t\t\t\t\t\t\t\t<div class=\"content\">\n\t\t\t\t\t<h6 class=\"title\">Ferrari GTC4 Lusso<\/h6>\n\t\t\t\t\t\t\t\t\t\t\t<a href=\"https:\/\/protectcover.be\/index.php\/project\/ferrari-gtc4-lusso\/\" class=\"button-style2 permalink extra-small\">\n\t\t\t\t\t\t\t<span>Voir le projet<\/span>\n\t\t\t\t\t\t<\/a>\n\t\t\t\t\t\t\t\t\t<\/div>\n\t\t\t<\/div>\n\t\t<\/article>\n\t\t\t\t<article class=\"portfolio-item category-6 category-4 category-19 popup-item col-12 col-sm-6 col-md-4 istp-item\">\n\t\t\t<div class=\"wrap\">\n\t\t\t\t\t\t\t\t\t<div class=\"img\">\n\t\t\t\t\t\t<div class=\"hover-plus\">\n\t\t\t\t\t\t\t \n\t\t\t\t\t\t<\/div>\n\t\t\t\t\t\t<div class=\"img-b\" style=\"background-image: url(https:\/\/protectcover.be\/wp-content\/uploads\/2020\/09\/tesla2-1024x498.jpg)\"><\/div>\n\t\t\t\t\t\t<a href=\"https:\/\/protectcover.be\/wp-content\/uploads\/2020\/09\/tesla2.jpg\" class=\"link\" data-size=\"2016x980\" data-magic-cursor=\"link-w-text\" data-magic-cursor-text=\"Voir\" data-id=\"9\"><\/a>\t\t\t\t\t<\/div>\n\t\t\t\t\t\t\t\t<div class=\"content\">\n\t\t\t\t\t<h6 class=\"title\">Tesla<\/h6>\n\t\t\t\t\t\t\t\t\t\t\t<a href=\"https:\/\/protectcover.be\/index.php\/project\/tesla-3\/\" class=\"button-style2 permalink extra-small\">\n\t\t\t\t\t\t\t<span>Voir le projet<\/span>\n\t\t\t\t\t\t<\/a>\n\t\t\t\t\t\t\t\t\t<\/div>\n\t\t\t<\/div>\n\t\t<\/article>\n\t\t\t\t\t\t\t<\/div>\n\n\t\t\t\t\t\t\t\t\t\t\t<div class=\"loadmore-button-block tac\">\n\t\t\t\t\t\t\t\t\t\t\t\t\t\t<a class=\"loadmore-button button-style1 accent\" data-type=\"packery\" data-action=\"portfolio\" data-array=\"[{&quot;id&quot;:4032,&quot;cat&quot;:[12,4]},{&quot;id&quot;:4026,&quot;cat&quot;:[4,18]},{&quot;id&quot;:4019,&quot;cat&quot;:[13,4]},{&quot;id&quot;:4011,&quot;cat&quot;:[16,4]},{&quot;id&quot;:3987,&quot;cat&quot;:[4,18]},{&quot;id&quot;:3982,&quot;cat&quot;:[4,20]},{&quot;id&quot;:3975,&quot;cat&quot;:[13,4]},{&quot;id&quot;:3969,&quot;cat&quot;:[6,4,18]},{&quot;id&quot;:3962,&quot;cat&quot;:[9,4]},{&quot;id&quot;:3909,&quot;cat&quot;:[23,4]},{&quot;id&quot;:3877,&quot;cat&quot;:[4,19]},{&quot;id&quot;:3867,&quot;cat&quot;:[16,4]},{&quot;id&quot;:3856,&quot;cat&quot;:[4,18]},{&quot;id&quot;:3847,&quot;cat&quot;:[4,18]},{&quot;id&quot;:3817,&quot;cat&quot;:[4,18]},{&quot;id&quot;:3808,&quot;cat&quot;:[9,4]},{&quot;id&quot;:3800,&quot;cat&quot;:[9,4]},{&quot;id&quot;:3794,&quot;cat&quot;:[13,4]},{&quot;id&quot;:3786,&quot;cat&quot;:[4,18]},{&quot;id&quot;:3757,&quot;cat&quot;:[4,18]},{&quot;id&quot;:3741,&quot;cat&quot;:[10,4]},{&quot;id&quot;:3713,&quot;cat&quot;:[26,4]},{&quot;id&quot;:3693,&quot;cat&quot;:[4,29]},{&quot;id&quot;:3685,&quot;cat&quot;:[4,28]}] \" data-count=\"9\" data-atts=\"{&quot;uniqid&quot;:&quot;5f5793c49a7d7&quot;,&quot;count_items&quot;:&quot;9&quot;,&quot;type&quot;:&quot;packery&quot;,&quot;style&quot;:&quot;style1&quot;,&quot;packery_style&quot;:&quot;type1&quot;,&quot;cols&quot;:&quot;xs:1,sm:2,md:3,&quot;,&quot;gap&quot;:&quot;on&quot;,&quot;filter_buttons&quot;:&quot;on&quot;,&quot;filter_buttons_style&quot;:&quot;style1&quot;,&quot;filter_buttons_align&quot;:&quot;tal&quot;,&quot;navigation&quot;:&quot;load_more&quot;,&quot;navigation_button_style&quot;:&quot;style2&quot;,&quot;popup_mode&quot;:&quot;on&quot;,&quot;thumb_size&quot;:&quot;large&quot;,&quot;hover&quot;:&quot;default&quot;,&quot;show_view_project&quot;:&quot;on&quot;,&quot;css_animation&quot;:&quot;&quot;,&quot;slider_loop&quot;:&quot;on&quot;,&quot;slider_autoplay&quot;:&quot;on&quot;,&quot;slider_autoplay_timeout&quot;:&quot;5000&quot;,&quot;slider_arrows&quot;:&quot;on&quot;,&quot;navigation_arrows_color&quot;:&quot;&quot;,&quot;navigation_arrows_color_hover&quot;:&quot;&quot;,&quot;slider_counter&quot;:&quot;on&quot;,&quot;orderby&quot;:&quot;date&quot;,&quot;order&quot;:&quot;DESC&quot;,&quot;source&quot;:&quot;categories&quot;,&quot;items&quot;:&quot;&quot;,&quot;categories&quot;:&quot;4&quot;,&quot;css&quot;:&quot;&quot;}\" data-magic-cursor=\"link\">\n\t\t\t\t\t\t\t\t<span>Charger plus<\/span>\n\t\t\t\t\t\t\t\t<span class=\"load-dots\">\n\t\t\t\t\t\t\t\t\t<em><\/em>\n\t\t\t\t\t\t\t\t<\/span>\n\t\t\t\t\t\t\t<\/a>\n\t\t\t\t\t\t<\/div>\n\t\t\t\t\t\t\t\t\t<\/div>\n\t\t\t[\/vc_column][\/vc_row]<\/p>\n","protected":false},"excerpt":{"rendered":"<p>[vc_row][vc_column][vc_column_text uniqid=&#8221;5f5793bbaee56&#8243;]Le maintien du bon \u00e9tat de votre carrosserie vous pr\u00e9occupe ? Le PPF (ou Paint Protection Film) est la recette miracle pour prot\u00e9ger votre v\u00e9hicule tout en gardant votre couleur d&#8217;origine et lui apporter une brillance ultime. En effet, ce film transparent et presque invisible (\u00e9paisseur de\u00a0150 microns) saura prot\u00e9ger votre voiture contre les [&hellip;]<\/p>\n","protected":false},"author":1,"featured_media":0,"parent":0,"menu_order":0,"comment_status":"closed","ping_status":"closed","template":"","meta":[],"acf":[],"_links":{"self":[{"href":"https:\/\/protectcover.be\/index.php\/wp-json\/wp\/v2\/pages\/3583"}],"collection":[{"href":"https:\/\/protectcover.be\/index.php\/wp-json\/wp\/v2\/pages"}],"about":[{"href":"https:\/\/protectcover.be\/index.php\/wp-json\/wp\/v2\/types\/page"}],"author":[{"embeddable":true,"href":"https:\/\/protectcover.be\/index.php\/wp-json\/wp\/v2\/users\/1"}],"replies":[{"embeddable":true,"href":"https:\/\/protectcover.be\/index.php\/wp-json\/wp\/v2\/comments?post=3583"}],"version-history":[{"count":6,"href":"https:\/\/protectcover.be\/index.php\/wp-json\/wp\/v2\/pages\/3583\/revisions"}],"predecessor-version":[{"id":4435,"href":"https:\/\/protectcover.be\/index.php\/wp-json\/wp\/v2\/pages\/3583\/revisions\/4435"}],"wp:attachment":[{"href":"https:\/\/protectcover.be\/index.php\/wp-json\/wp\/v2\/media?parent=3583"}],"curies":[{"name":"wp","href":"https:\/\/api.w.org\/{rel}","templated":true}]}}