{"id":3586,"date":"2020-09-08T16:25:06","date_gmt":"2020-09-08T14:25:06","guid":{"rendered":"http:\/\/protectcover.be\/?page_id=3586"},"modified":"2022-09-13T14:04:45","modified_gmt":"2022-09-13T12:04:45","slug":"vinyle-imprime","status":"publish","type":"page","link":"https:\/\/protectcover.be\/index.php\/vinyle-imprime\/","title":{"rendered":"Lettrage \/ vinyle imprim\u00e9"},"content":{"rendered":"<p>[vc_row][vc_column][vc_column_text uniqid=&#8221;5f579424399a0&#8243;]Le covering de v\u00e9hicule est un excellent de support pour votre entreprise. Visible 24h\/24 et quasiment 7j\/7 \u00e0 l&#8217;arr\u00eat comme en marche, c&#8217;est une publicit\u00e9 permanente pour votre entreprise. Bien qu\u2019il ait un co\u00fbt initial plus \u00e9lev\u00e9 par rapport \u00e0 d\u2019autres outils de communication, il en reste le canal le plus rentable. Un covering de v\u00e9hicule de haute qualit\u00e9 a une dur\u00e9e de vie allant de cinq \u00e0 dix ans avec peu ou pas de frais d\u2019entretien. Par cons\u00e9quent, vous investissez sur du long terme.[\/vc_column_text]\t\t\t\t\t\t\t<div class=\"portfolio-block filter-block portfolio-5f57942c0c952 popup-gallery gap-on portfolio-type-packery type1\">\n\t\t\t\t\t\n\t\t\t\t\t<div class=\"row isotope\">\n\t\t\t\t\t\t<div class=\"grid-sizer col-1\"><\/div>\n\t\t\t\t\t\t\t\t<article class=\"portfolio-item category-5 popup-item col-12 col-sm-6 col-md-4 istp-item\">\n\t\t\t<div class=\"wrap\">\n\t\t\t\t\t\t\t\t\t<div class=\"img\">\n\t\t\t\t\t\t<div class=\"hover-plus\">\n\t\t\t\t\t\t\t \n\t\t\t\t\t\t<\/div>\n\t\t\t\t\t\t<div class=\"img-b\" style=\"background-image: url(https:\/\/protectcover.be\/wp-content\/uploads\/2022\/09\/IMG_0657-1024x1024.jpeg)\"><\/div>\n\t\t\t\t\t\t<a href=\"https:\/\/protectcover.be\/wp-content\/uploads\/2022\/09\/IMG_0657-scaled.jpeg\" class=\"link\" data-size=\"2560x2560\" data-magic-cursor=\"link-w-text\" data-magic-cursor-text=\"Voir\" data-id=\"1\"><\/a>\t\t\t\t\t<\/div>\n\t\t\t\t\t\t\t\t<div class=\"content\">\n\t\t\t\t\t<h6 class=\"title\">Parqu\u00e8terie du Hainaut<\/h6>\n\t\t\t\t\t\t\t\t\t\t\t<a href=\"https:\/\/protectcover.be\/index.php\/project\/parqueterie-du-hainaut\/\" class=\"button-style2 permalink extra-small\">\n\t\t\t\t\t\t\t<span>Voir le projet<\/span>\n\t\t\t\t\t\t<\/a>\n\t\t\t\t\t\t\t\t\t<\/div>\n\t\t\t<\/div>\n\t\t<\/article>\n\t\t\t\t<article class=\"portfolio-item category-5 popup-item col-12 col-sm-6 col-md-4 istp-item\">\n\t\t\t<div class=\"wrap\">\n\t\t\t\t\t\t\t\t\t<div class=\"img\">\n\t\t\t\t\t\t<div class=\"hover-plus\">\n\t\t\t\t\t\t\t \n\t\t\t\t\t\t<\/div>\n\t\t\t\t\t\t<div class=\"img-b\" style=\"background-image: url(https:\/\/protectcover.be\/wp-content\/uploads\/2022\/09\/IMG_0636-1024x1024.jpeg)\"><\/div>\n\t\t\t\t\t\t<a href=\"https:\/\/protectcover.be\/wp-content\/uploads\/2022\/09\/IMG_0636-scaled.jpeg\" class=\"link\" data-size=\"2560x2560\" data-magic-cursor=\"link-w-text\" data-magic-cursor-text=\"Voir\" data-id=\"2\"><\/a>\t\t\t\t\t<\/div>\n\t\t\t\t\t\t\t\t<div class=\"content\">\n\t\t\t\t\t<h6 class=\"title\">Lettrage \/ semi-cover<\/h6>\n\t\t\t\t\t\t\t\t\t\t\t<a href=\"https:\/\/protectcover.be\/index.php\/project\/lettrage-semi-cover\/\" class=\"button-style2 permalink extra-small\">\n\t\t\t\t\t\t\t<span>Voir le projet<\/span>\n\t\t\t\t\t\t<\/a>\n\t\t\t\t\t\t\t\t\t<\/div>\n\t\t\t<\/div>\n\t\t<\/article>\n\t\t\t\t<article class=\"portfolio-item category-30 category-5 popup-item col-12 col-sm-6 col-md-4 istp-item\">\n\t\t\t<div class=\"wrap\">\n\t\t\t\t\t\t\t\t\t<div class=\"img\">\n\t\t\t\t\t\t<div class=\"hover-plus\">\n\t\t\t\t\t\t\t \n\t\t\t\t\t\t<\/div>\n\t\t\t\t\t\t<div class=\"img-b\" style=\"background-image: url(https:\/\/protectcover.be\/wp-content\/uploads\/2020\/09\/56157780_338456743684444_3144712931724230656_n-1-1024x768.jpg)\"><\/div>\n\t\t\t\t\t\t<a href=\"https:\/\/protectcover.be\/wp-content\/uploads\/2020\/09\/56157780_338456743684444_3144712931724230656_n-1.jpg\" class=\"link\" data-size=\"1600x1200\" data-magic-cursor=\"link-w-text\" data-magic-cursor-text=\"Voir\" data-id=\"3\"><\/a>\t\t\t\t\t<\/div>\n\t\t\t\t\t\t\t\t<div class=\"content\">\n\t\t\t\t\t<h6 class=\"title\">Ford<\/h6>\n\t\t\t\t\t\t\t\t\t\t\t<a href=\"https:\/\/protectcover.be\/index.php\/project\/ford\/\" class=\"button-style2 permalink extra-small\">\n\t\t\t\t\t\t\t<span>Voir le projet<\/span>\n\t\t\t\t\t\t<\/a>\n\t\t\t\t\t\t\t\t\t<\/div>\n\t\t\t<\/div>\n\t\t<\/article>\n\t\t\t\t\t\t\t<\/div>\n\n\t\t\t\t\t\t\t\t\t<\/div>\n\t\t\t[\/vc_column][\/vc_row]<\/p>\n","protected":false},"excerpt":{"rendered":"<p>[vc_row][vc_column][vc_column_text uniqid=&#8221;5f579424399a0&#8243;]Le covering de v\u00e9hicule est un excellent de support pour votre entreprise. Visible 24h\/24 et quasiment 7j\/7 \u00e0 l&#8217;arr\u00eat comme en marche, c&#8217;est une publicit\u00e9 permanente pour votre entreprise. Bien qu\u2019il ait un co\u00fbt initial plus \u00e9lev\u00e9 par rapport \u00e0 d\u2019autres outils de communication, il en reste le canal le plus rentable. Un covering [&hellip;]<\/p>\n","protected":false},"author":1,"featured_media":0,"parent":0,"menu_order":0,"comment_status":"closed","ping_status":"closed","template":"","meta":[],"acf":[],"_links":{"self":[{"href":"https:\/\/protectcover.be\/index.php\/wp-json\/wp\/v2\/pages\/3586"}],"collection":[{"href":"https:\/\/protectcover.be\/index.php\/wp-json\/wp\/v2\/pages"}],"about":[{"href":"https:\/\/protectcover.be\/index.php\/wp-json\/wp\/v2\/types\/page"}],"author":[{"embeddable":true,"href":"https:\/\/protectcover.be\/index.php\/wp-json\/wp\/v2\/users\/1"}],"replies":[{"embeddable":true,"href":"https:\/\/protectcover.be\/index.php\/wp-json\/wp\/v2\/comments?post=3586"}],"version-history":[{"count":6,"href":"https:\/\/protectcover.be\/index.php\/wp-json\/wp\/v2\/pages\/3586\/revisions"}],"predecessor-version":[{"id":4437,"href":"https:\/\/protectcover.be\/index.php\/wp-json\/wp\/v2\/pages\/3586\/revisions\/4437"}],"wp:attachment":[{"href":"https:\/\/protectcover.be\/index.php\/wp-json\/wp\/v2\/media?parent=3586"}],"curies":[{"name":"wp","href":"https:\/\/api.w.org\/{rel}","templated":true}]}}