{"id":3590,"date":"2020-09-08T16:27:07","date_gmt":"2020-09-08T14:27:07","guid":{"rendered":"http:\/\/protectcover.be\/?page_id=3590"},"modified":"2022-06-23T16:28:34","modified_gmt":"2022-06-23T14:28:34","slug":"vitres-teintees","status":"publish","type":"page","link":"https:\/\/protectcover.be\/index.php\/vitres-teintees\/","title":{"rendered":"Vitres teint\u00e9es"},"content":{"rendered":"<p>[vc_row][vc_column][vc_column_text uniqid=&#8221;5f579497c7cfe&#8221;]Si vous souhaitez donner un look plus sportif \u00e0 votre v\u00e9hicule, la prot\u00e9ger des regards indiscrets ou simplement offrir \u00e0 votre habitacle une protection contre les UVs, le film \u00a0pour vitres teint\u00e9es est id\u00e9al pour vous. Nous avons plusieurs teintes disponibles. N&#8217;h\u00e9sitez pas \u00e0 nous contacter pour conna\u00eetre le tarif.[\/vc_column_text]\t\t\t\t\t\t\t<div class=\"portfolio-block filter-block portfolio-5f5794aeebc21 popup-gallery gap-on portfolio-type-packery type1\">\n\t\t\t\t\t\n\t\t\t\t\t<div class=\"row isotope\">\n\t\t\t\t\t\t<div class=\"grid-sizer col-1\"><\/div>\n\t\t\t\t\t\t\t\t<article class=\"portfolio-item category-6 category-7 popup-item col-12 col-sm-6 col-md-4 istp-item\">\n\t\t\t<div class=\"wrap\">\n\t\t\t\t\t\t\t\t\t<div class=\"img\">\n\t\t\t\t\t\t<div class=\"hover-plus\">\n\t\t\t\t\t\t\t \n\t\t\t\t\t\t<\/div>\n\t\t\t\t\t\t<div class=\"img-b\" style=\"background-image: url(https:\/\/protectcover.be\/wp-content\/uploads\/2020\/09\/80822739_2509654712623091_3990357916036104192_n-1024x576.jpg)\"><\/div>\n\t\t\t\t\t\t<a href=\"https:\/\/protectcover.be\/wp-content\/uploads\/2020\/09\/80822739_2509654712623091_3990357916036104192_n.jpg\" class=\"link\" data-size=\"2016x1134\" data-magic-cursor=\"link-w-text\" data-magic-cursor-text=\"Voir\" data-id=\"1\"><\/a>\t\t\t\t\t<\/div>\n\t\t\t\t\t\t\t\t<div class=\"content\">\n\t\t\t\t\t<h6 class=\"title\">Tesla Model 3<\/h6>\n\t\t\t\t\t\t\t\t\t\t\t<a href=\"https:\/\/protectcover.be\/index.php\/project\/tesla-2\/\" class=\"button-style2 permalink extra-small\">\n\t\t\t\t\t\t\t<span>Voir le projet<\/span>\n\t\t\t\t\t\t<\/a>\n\t\t\t\t\t\t\t\t\t<\/div>\n\t\t\t<\/div>\n\t\t<\/article>\n\t\t\t\t<article class=\"portfolio-item category-9 category-7 popup-item col-12 col-sm-6 col-md-4 istp-item\">\n\t\t\t<div class=\"wrap\">\n\t\t\t\t\t\t\t\t\t<div class=\"img\">\n\t\t\t\t\t\t<div class=\"hover-plus\">\n\t\t\t\t\t\t\t \n\t\t\t\t\t\t<\/div>\n\t\t\t\t\t\t<div class=\"img-b\" style=\"background-image: url(https:\/\/protectcover.be\/wp-content\/uploads\/2020\/09\/72104948_2356778564652827_993507436864208896_n-1024x576.jpg)\"><\/div>\n\t\t\t\t\t\t<a href=\"https:\/\/protectcover.be\/wp-content\/uploads\/2020\/09\/72104948_2356778564652827_993507436864208896_n.jpg\" class=\"link\" data-size=\"1260x709\" data-magic-cursor=\"link-w-text\" data-magic-cursor-text=\"Voir\" data-id=\"2\"><\/a>\t\t\t\t\t<\/div>\n\t\t\t\t\t\t\t\t<div class=\"content\">\n\t\t\t\t\t<h6 class=\"title\">Audi A3<\/h6>\n\t\t\t\t\t\t\t\t\t\t\t<a href=\"https:\/\/protectcover.be\/index.php\/project\/audi-a3-2\/\" class=\"button-style2 permalink extra-small\">\n\t\t\t\t\t\t\t<span>Voir le projet<\/span>\n\t\t\t\t\t\t<\/a>\n\t\t\t\t\t\t\t\t\t<\/div>\n\t\t\t<\/div>\n\t\t<\/article>\n\t\t\t\t<article class=\"portfolio-item category-9 category-7 popup-item col-12 col-sm-6 col-md-4 istp-item\">\n\t\t\t<div class=\"wrap\">\n\t\t\t\t\t\t\t\t\t<div class=\"img\">\n\t\t\t\t\t\t<div class=\"hover-plus\">\n\t\t\t\t\t\t\t \n\t\t\t\t\t\t<\/div>\n\t\t\t\t\t\t<div class=\"img-b\" style=\"background-image: url(https:\/\/protectcover.be\/wp-content\/uploads\/2020\/09\/68736955_484445649054311_7050756709844779008_n-1024x498.jpg)\"><\/div>\n\t\t\t\t\t\t<a href=\"https:\/\/protectcover.be\/wp-content\/uploads\/2020\/09\/68736955_484445649054311_7050756709844779008_n.jpg\" class=\"link\" data-size=\"2016x980\" data-magic-cursor=\"link-w-text\" data-magic-cursor-text=\"Voir\" data-id=\"3\"><\/a>\t\t\t\t\t<\/div>\n\t\t\t\t\t\t\t\t<div class=\"content\">\n\t\t\t\t\t<h6 class=\"title\">Audi A6<\/h6>\n\t\t\t\t\t\t\t\t\t\t\t<a href=\"https:\/\/protectcover.be\/index.php\/project\/audi-a5\/\" class=\"button-style2 permalink extra-small\">\n\t\t\t\t\t\t\t<span>Voir le projet<\/span>\n\t\t\t\t\t\t<\/a>\n\t\t\t\t\t\t\t\t\t<\/div>\n\t\t\t<\/div>\n\t\t<\/article>\n\t\t\t\t<article class=\"portfolio-item category-3 category-7 category-20 popup-item col-12 col-sm-6 col-md-4 istp-item\">\n\t\t\t<div class=\"wrap\">\n\t\t\t\t\t\t\t\t\t<div class=\"img\">\n\t\t\t\t\t\t<div class=\"hover-plus\">\n\t\t\t\t\t\t\t \n\t\t\t\t\t\t<\/div>\n\t\t\t\t\t\t<div class=\"img-b\" style=\"background-image: url(https:\/\/protectcover.be\/wp-content\/uploads\/2020\/09\/53498375_2312188012385165_5685794718533812224_n-1024x498.jpg)\"><\/div>\n\t\t\t\t\t\t<a href=\"https:\/\/protectcover.be\/wp-content\/uploads\/2020\/09\/53498375_2312188012385165_5685794718533812224_n.jpg\" class=\"link\" data-size=\"1260x613\" data-magic-cursor=\"link-w-text\" data-magic-cursor-text=\"Voir\" data-id=\"4\"><\/a>\t\t\t\t\t<\/div>\n\t\t\t\t\t\t\t\t<div class=\"content\">\n\t\t\t\t\t<h6 class=\"title\">VW Passat<\/h6>\n\t\t\t\t\t\t\t\t\t\t\t<a href=\"https:\/\/protectcover.be\/index.php\/project\/vw-passat\/\" class=\"button-style2 permalink extra-small\">\n\t\t\t\t\t\t\t<span>Voir le projet<\/span>\n\t\t\t\t\t\t<\/a>\n\t\t\t\t\t\t\t\t\t<\/div>\n\t\t\t<\/div>\n\t\t<\/article>\n\t\t\t\t<article class=\"portfolio-item category-11 category-7 popup-item col-12 col-sm-6 col-md-4 istp-item\">\n\t\t\t<div class=\"wrap\">\n\t\t\t\t\t\t\t\t\t<div class=\"img\">\n\t\t\t\t\t\t<div class=\"hover-plus\">\n\t\t\t\t\t\t\t \n\t\t\t\t\t\t<\/div>\n\t\t\t\t\t\t<div class=\"img-b\" style=\"background-image: url(https:\/\/protectcover.be\/wp-content\/uploads\/2020\/09\/52792938_756291141421391_7642025942449127424_n-1024x498.jpg)\"><\/div>\n\t\t\t\t\t\t<a href=\"https:\/\/protectcover.be\/wp-content\/uploads\/2020\/09\/52792938_756291141421391_7642025942449127424_n.jpg\" class=\"link\" data-size=\"1260x613\" data-magic-cursor=\"link-w-text\" data-magic-cursor-text=\"Voir\" data-id=\"5\"><\/a>\t\t\t\t\t<\/div>\n\t\t\t\t\t\t\t\t<div class=\"content\">\n\t\t\t\t\t<h6 class=\"title\">BMW X4<\/h6>\n\t\t\t\t\t\t\t\t\t\t\t<a href=\"https:\/\/protectcover.be\/index.php\/project\/bmw-x4\/\" class=\"button-style2 permalink extra-small\">\n\t\t\t\t\t\t\t<span>Voir le projet<\/span>\n\t\t\t\t\t\t<\/a>\n\t\t\t\t\t\t\t\t\t<\/div>\n\t\t\t<\/div>\n\t\t<\/article>\n\t\t\t\t\t\t\t<\/div>\n\n\t\t\t\t\t\t\t\t\t<\/div>\n\t\t\t[\/vc_column][\/vc_row]<\/p>\n","protected":false},"excerpt":{"rendered":"<p>[vc_row][vc_column][vc_column_text uniqid=&#8221;5f579497c7cfe&#8221;]Si vous souhaitez donner un look plus sportif \u00e0 votre v\u00e9hicule, la prot\u00e9ger des regards indiscrets ou simplement offrir \u00e0 votre habitacle une protection contre les UVs, le film \u00a0pour vitres teint\u00e9es est id\u00e9al pour vous. Nous avons plusieurs teintes disponibles. N&#8217;h\u00e9sitez pas \u00e0 nous contacter pour conna\u00eetre le tarif.[\/vc_column_text][\/vc_column][\/vc_row]<\/p>\n","protected":false},"author":1,"featured_media":0,"parent":0,"menu_order":0,"comment_status":"closed","ping_status":"closed","template":"","meta":[],"acf":[],"_links":{"self":[{"href":"https:\/\/protectcover.be\/index.php\/wp-json\/wp\/v2\/pages\/3590"}],"collection":[{"href":"https:\/\/protectcover.be\/index.php\/wp-json\/wp\/v2\/pages"}],"about":[{"href":"https:\/\/protectcover.be\/index.php\/wp-json\/wp\/v2\/types\/page"}],"author":[{"embeddable":true,"href":"https:\/\/protectcover.be\/index.php\/wp-json\/wp\/v2\/users\/1"}],"replies":[{"embeddable":true,"href":"https:\/\/protectcover.be\/index.php\/wp-json\/wp\/v2\/comments?post=3590"}],"version-history":[{"count":4,"href":"https:\/\/protectcover.be\/index.php\/wp-json\/wp\/v2\/pages\/3590\/revisions"}],"predecessor-version":[{"id":4265,"href":"https:\/\/protectcover.be\/index.php\/wp-json\/wp\/v2\/pages\/3590\/revisions\/4265"}],"wp:attachment":[{"href":"https:\/\/protectcover.be\/index.php\/wp-json\/wp\/v2\/media?parent=3590"}],"curies":[{"name":"wp","href":"https:\/\/api.w.org\/{rel}","templated":true}]}}